{"id":538,"date":"2025-06-24T15:50:12","date_gmt":"2025-06-24T15:50:12","guid":{"rendered":"https:\/\/bluesun-dc.net\/?page_id=538"},"modified":"2026-01-27T16:12:43","modified_gmt":"2026-01-27T16:12:43","slug":"legal-notices","status":"publish","type":"page","link":"https:\/\/bluesun-dc.com\/en\/mentions-legales\/","title":{"rendered":"| Legal notice"},"content":{"rendered":"\t\t<div data-elementor-type=\"wp-page\" data-elementor-id=\"538\" class=\"elementor elementor-538\" data-elementor-post-type=\"page\">\n\t\t\t\t<div class=\"elementor-element elementor-element-7afee92 e-con-full e-flex e-con e-parent\" data-id=\"7afee92\" data-element_type=\"container\" data-e-type=\"container\">\n\t\t\t\t<div class=\"elementor-element elementor-element-cd1b287 elementor-widget elementor-widget-html\" data-id=\"cd1b287\" data-element_type=\"widget\" data-e-type=\"widget\" data-widget_type=\"html.default\">\n\t\t\t\t\t<!DOCTYPE html>\r\n<html lang=\"fr\">\r\n<head>\r\n  <meta charset=\"UTF-8\">\r\n  <meta name=\"viewport\" content=\"width=device-width, initial-scale=1.0\">\r\n  <title>Mentions L\u00e9gales - BlueSun DC<\/title>\r\n  <link href=\"https:\/\/fonts.googleapis.com\/css2?family=Nunito:wght@400;500;600;700&display=swap\" rel=\"stylesheet\">\r\n  <style>\r\n\/* =============================================\r\n   BLUESUN DC - MENTIONS L\u00c9GALES\r\n   ============================================= *\/\r\n\r\n* {\r\n  margin: 0;\r\n  padding: 0;\r\n  box-sizing: border-box;\r\n}\r\n\r\nbody {\r\n  font-family: 'Nunito', sans-serif;\r\n  background: #ffffff;\r\n  min-height: 100vh;\r\n  color: #1e3a5f;\r\n  font-size: 17px;\r\n  line-height: 1.7;\r\n}\r\n\r\n\/* ===== HEADER ===== *\/\r\n.legal-header {\r\n  background: linear-gradient(135deg, #1e3a5f 0%, #2c5282 100%);\r\n  padding: 80px 20px 60px;\r\n  text-align: center;\r\n}\r\n\r\n.legal-header h1 {\r\n  font-size: 38px;\r\n  font-weight: 700;\r\n  color: #ffffff;\r\n  margin-bottom: 10px;\r\n}\r\n\r\n.legal-header p {\r\n  color: #68D2FC;\r\n  font-size: 18px;\r\n  font-weight: 500;\r\n}\r\n\r\n\/* ===== CONTENT ===== *\/\r\n.legal-content {\r\n  max-width: 800px;\r\n  margin: 0 auto;\r\n  padding: 60px 20px 100px;\r\n}\r\n\r\n\/* ===== SECTIONS ===== *\/\r\n.legal-section {\r\n  margin-bottom: 50px;\r\n}\r\n\r\n.legal-section h2 {\r\n  font-size: 24px;\r\n  font-weight: 700;\r\n  color: #1e3a5f;\r\n  margin-bottom: 20px;\r\n  padding-bottom: 10px;\r\n  border-bottom: 3px solid #68D2FC;\r\n  display: inline-block;\r\n}\r\n\r\n.legal-section h3 {\r\n  font-size: 20px;\r\n  font-weight: 600;\r\n  color: #2c5282;\r\n  margin-top: 30px;\r\n  margin-bottom: 15px;\r\n}\r\n\r\n.legal-section p {\r\n  color: #4a5568;\r\n  margin-bottom: 15px;\r\n}\r\n\r\n\/* ===== INFO BOX ===== *\/\r\n.info-box {\r\n  background: linear-gradient(135deg, #f7fafc 0%, #edf2f7 100%);\r\n  border-left: 4px solid #68D2FC;\r\n  padding: 25px 30px;\r\n  border-radius: 0 12px 12px 0;\r\n  margin-bottom: 30px;\r\n}\r\n\r\n.info-box p {\r\n  margin-bottom: 8px;\r\n  color: #1e3a5f;\r\n}\r\n\r\n.info-box p:last-child {\r\n  margin-bottom: 0;\r\n}\r\n\r\n.info-box strong {\r\n  color: #2c5282;\r\n}\r\n\r\n\/* ===== LISTE ===== *\/\r\n.legal-section ul {\r\n  list-style: none;\r\n  padding-left: 0;\r\n  margin-bottom: 20px;\r\n}\r\n\r\n.legal-section ul li {\r\n  position: relative;\r\n  padding-left: 25px;\r\n  margin-bottom: 10px;\r\n  color: #4a5568;\r\n}\r\n\r\n.legal-section ul li::before {\r\n  content: '';\r\n  position: absolute;\r\n  left: 0;\r\n  top: 10px;\r\n  width: 8px;\r\n  height: 8px;\r\n  background: #68D2FC;\r\n  border-radius: 50%;\r\n}\r\n\r\n\/* ===== CONTACT LINK ===== *\/\r\n.contact-link {\r\n  color: #2c5282;\r\n  text-decoration: none;\r\n  font-weight: 600;\r\n  transition: color 0.2s ease;\r\n}\r\n\r\n.contact-link:hover {\r\n  color: #68D2FC;\r\n}\r\n\r\n\/* ===== MATOMO OPT-OUT ===== *\/\r\n.matomo-optout {\r\n  background: #f7fafc;\r\n  border: 1px solid #e2e8f0;\r\n  border-radius: 12px;\r\n  padding: 25px 30px;\r\n  margin-top: 20px;\r\n}\r\n\r\n.matomo-optout p {\r\n  margin-bottom: 0;\r\n  font-size: 15px;\r\n}\r\n\r\n\/* ===== RESPONSIVE ===== *\/\r\n@media (max-width: 600px) {\r\n  .legal-header {\r\n    padding: 60px 20px 40px;\r\n  }\r\n  \r\n  .legal-header h1 {\r\n    font-size: 28px;\r\n  }\r\n  \r\n  .legal-content {\r\n    padding: 40px 20px 60px;\r\n  }\r\n  \r\n  .legal-section h2 {\r\n    font-size: 20px;\r\n  }\r\n  \r\n  .legal-section h3 {\r\n    font-size: 18px;\r\n  }\r\n  \r\n  .info-box {\r\n    padding: 20px;\r\n  }\r\n}\r\n  <\/style>\r\n<\/head>\r\n<body>\r\n\r\n<!-- HEADER -->\r\n<header class=\"legal-header\">\r\n  <h1>Mentions L\u00e9gales<\/h1>\r\n  <p>Politique de confidentialit\u00e9<\/p>\r\n<\/header>\r\n\r\n<!-- CONTENT -->\r\n<main class=\"legal-content\">\r\n\r\n  <!-- \u00c9DITEUR -->\r\n  <section class=\"legal-section\">\r\n    <h2>\u00c9diteur du site<\/h2>\r\n    <div class=\"info-box\">\r\n      <p><strong>Responsable de la Publication :<\/strong> Olivier Labb\u00e9<\/p>\r\n      <p><strong>Adresse :<\/strong> BlueSun DC, <br>18 Avenue Jean Moulin, <br>92260 Fontenay-aux-Roses, France<\/p>\r\n      <p><strong>Site web :<\/strong> bluesun-dc.com<\/p>\r\n      <p><strong>SIREN :<\/strong> 927 552 455<\/p>\r\n      <p><strong>TVA :<\/strong> FR 449 275 524 55<\/p>\r\n    <\/div>\r\n  <\/section>\r\n\r\n  <!-- H\u00c9BERGEMENT -->\r\n  <section class=\"legal-section\">\r\n    <h2>H\u00e9bergement<\/h2>\r\n    <p>L'h\u00e9bergement de ce site internet est assur\u00e9 par <strong>Hostinger<\/strong>.<\/p>\r\n    <p>Pour nous contacter, merci d'adresser vos demandes par le <a href=\"\/contact\/\" class=\"contact-link\">formulaire de contact<\/a> de ce site.<\/p>\r\n  <\/section>\r\n\r\n  <!-- D\u00c9CHARGE -->\r\n  <section class=\"legal-section\">\r\n    <h2>D\u00e9charge de responsabilit\u00e9<\/h2>\r\n    <p>La soci\u00e9t\u00e9 BlueSun DC n'est tenue que d'une simple obligation de moyens concernant les informations qu'elle met \u00e0 disposition des personnes qui acc\u00e8dent \u00e0 son site web.<\/p>\r\n    <p>Alors que nous avons effectu\u00e9 toutes les d\u00e9marches pour nous assurer de la fiabilit\u00e9 des informations contenues sur ce site web, la soci\u00e9t\u00e9 BlueSun DC ne peut encourir aucune responsabilit\u00e9 du fait d'erreur, d'omission ou pour les r\u00e9sultats qui pourraient \u00eatre obtenus par l'usage de ces informations.<\/p>\r\n    <p>Notamment, l'usage des liens hypertextes peut conduire votre consultation de notre site vers d'autres serveurs pour prendre connaissance de l'information recherch\u00e9e, serveurs sur lesquels la soci\u00e9t\u00e9 BlueSun DC n'a aucun contr\u00f4le.<\/p>\r\n  <\/section>\r\n\r\n  <!-- COOKIES -->\r\n  <section class=\"legal-section\">\r\n    <h2>Politique de cookies<\/h2>\r\n    \r\n    <h3>D\u00e9finition des cookies<\/h3>\r\n    <p>Le cookie se d\u00e9finit comme un fichier enregistr\u00e9 par l'outil de navigation de la machine dans un espace de stockage d\u00e9di\u00e9. Il est stock\u00e9 au cours de la consultation d'un site web. Son enregistrement dans le disque dur ne donne aucunement lieu \u00e0 la divulgation d'informations personnelles concernant l'internaute. Gr\u00e2ce \u00e0 ce fichier texte, le site web peut identifier le terminal dans lequel il est d\u00e9pos\u00e9 et m\u00e9moriser les informations n\u00e9cessaires \u00e0 son parcours.<\/p>\r\n    <p>Ce sont des fichiers uniques. Pour r\u00e9pondre \u00e0 la question de comment savoir si un site utilise des cookies, il suffit d'ouvrir le site et un message d'avertissement appara\u00eet. Cette fen\u00eatre, aussi appel\u00e9e pop up de cookies, permet aux internautes de consentir \u00e0 l'utilisation de cookies \u00e0 chaque visite sur la plateforme.<\/p>\r\n\r\n    <h3>Mode de fonctionnement des cookies<\/h3>\r\n    <p>Les cookies n'identifient pas directement un utilisateur puisqu'ils ne contiennent ni nom ni pr\u00e9nom. Le navigateur du terminal s'en charge. En r\u00e8gle g\u00e9n\u00e9rale, la dur\u00e9e de vie d'un cookie est de treize mois au maximum apr\u00e8s son enregistrement dans l'espace de stockage de la machine. Elle ne peut \u00eatre prolong\u00e9e au cours des nouvelles visites sur la plateforme.<\/p>\r\n    <p>Les plateformes en ligne r\u00e9coltent les informations sur les internautes \u00e0 l'aide de leur adresse IP et de leurs cookies. L'IP permet de d\u00e9terminer d'o\u00f9 proviennent les visiteurs, qu'il s'agisse de la ville, de la r\u00e9gion ou du pays. Pour assurer la r\u00e9gularit\u00e9 du mode de fonctionnement des cookies, la Commission nationale de l'informatique et des libert\u00e9s (CNIL) a \u00e9tabli une loi aidant \u00e0 renforcer la protection des visiteurs de sites web.<\/p>\r\n\r\n    <h3>Les cookies du site BlueSun DC<\/h3>\r\n    <p><strong>Cookie WordPress :<\/strong> n\u00e9cessaire au fonctionnement du site, il ne stocke pas de donn\u00e9es personnelles et ne n\u00e9cessite aucune acceptation de l'utilisateur.<\/p>\r\n    <p><strong>Cookie de mesure d'audience :<\/strong> permet une analyse statistique des informations suivantes :<\/p>\r\n    <ul>\r\n      <li>La mesure de l'audience, page par page<\/li>\r\n      <li>La liste des pages \u00e0 partir desquelles un lien a \u00e9t\u00e9 suivi (referrer), interne ou externe au site<\/li>\r\n      <li>Les types de terminal, navigateur et taille d'\u00e9cran des visiteurs<\/li>\r\n      <li>Les statistiques de temps de chargement des pages<\/li>\r\n      <li>Les statistiques de temps pass\u00e9 sur chaque page, taux de rebond, profondeur de d\u00e9filement<\/li>\r\n      <li>Les statistiques sur les actions utilisateurs (clic, s\u00e9lection)<\/li>\r\n      <li>Les statistiques sur la zone g\u00e9ographique d'origine des requ\u00eates<\/li>\r\n    <\/ul>\r\n\r\n    <div class=\"matomo-optout\">\r\n      <p>[matomo_opt_out]<\/p>\r\n    <\/div>\r\n  <\/section>\r\n\r\n  <!-- DONN\u00c9ES PERSONNELLES -->\r\n  <section class=\"legal-section\">\r\n    <h2>Utilisation des coordonn\u00e9es<\/h2>\r\n    <p>Pour vous offrir des services adapt\u00e9s, nous sommes amen\u00e9s \u00e0 vous demander de nous fournir des donn\u00e9es personnelles. La soci\u00e9t\u00e9 BlueSun DC s'engage \u00e0 respecter votre vie priv\u00e9e et \u00e0 prot\u00e9ger les informations que vous lui communiquez.<\/p>\r\n    <p>En particulier, les donn\u00e9es personnelles collect\u00e9es sur le site sont destin\u00e9es \u00e0 l'usage de la soci\u00e9t\u00e9 BlueSun DC. Elles sont confidentielles et trait\u00e9es comme telles. <strong>Elles ne pourront faire l'objet de cession \u00e0 des tiers.<\/strong><\/p>\r\n    <p>Vos coordonn\u00e9es ne sont utilis\u00e9es que pour mieux vous informer et \u00e9ventuellement ne vous adresser que les informations que vous souhaitez recevoir.<\/p>\r\n    <p>Dans le cadre d'un formulaire propos\u00e9 sur ce site, nous vous rappelons que vous disposez d'un <strong>droit d'acc\u00e8s, de modification, de rectification et de suppression<\/strong> des donn\u00e9es qui vous concernent (art. 34 de la loi \"Informatique et Libert\u00e9s\" du 6 Janvier 1978).<\/p>\r\n    <p>Pour exercer ce droit, contactez-nous \u00e0 l'adresse e-mail : <a href=\"mailto:contact@bluesun-dc.com\" class=\"contact-link\">contact@bluesun-dc.com<\/a><\/p>\r\n  <\/section>\r\n\r\n  <!-- LIENS EXTERNES -->\r\n  <section class=\"legal-section\">\r\n    <h2>Liens vers d'autres sites<\/h2>\r\n    <p>Les sites propos\u00e9s sous forme de liens sur le site web BlueSun DC sont cr\u00e9\u00e9s par des soci\u00e9t\u00e9s ou des personnes sur lesquelles la soci\u00e9t\u00e9 BlueSun DC n'a aucun pouvoir.<\/p>\r\n    <p>Par cons\u00e9quent, ces sites sont susceptibles de d\u00e9poser leurs propres cookies dans les ordinateurs des personnes visitant le site BlueSun DC et de collecter (ou de solliciter) des donn\u00e9es personnelles. La soci\u00e9t\u00e9 BlueSun DC ne pourra \u00eatre tenue responsable du contenu de ces sites et de l'usage qui pourra en \u00eatre fait par les utilisateurs.<\/p>\r\n  <\/section>\r\n\r\n  <!-- PROPRI\u00c9T\u00c9 INTELLECTUELLE -->\r\n  <section class=\"legal-section\">\r\n    <h2>Propri\u00e9t\u00e9 intellectuelle<\/h2>\r\n    <p>L'acc\u00e8s \u00e0 notre site vous conf\u00e8re un droit d'usage priv\u00e9 et non exclusif de ce site.<\/p>\r\n    <p>L'ensemble des \u00e9l\u00e9ments \u00e9dit\u00e9s sur ce site, incluant notamment les textes, photographies, infographies, logos, marques constituent des \u0153uvres au sens du Code de la Propri\u00e9t\u00e9 Intellectuelle.<\/p>\r\n    <p>En cons\u00e9quence, <strong>toute repr\u00e9sentation ou reproduction, int\u00e9grale ou partielle, qui pourrait \u00eatre faite sans le consentement de leurs auteurs ou de leurs ayants-droit, est illicite.<\/strong><\/p>\r\n    <p>Pour toute remarque ou demande d'information sur le fonctionnement du site, veuillez \u00e9crire au si\u00e8ge de la soci\u00e9t\u00e9 BlueSun DC.<\/p>\r\n  <\/section>\r\n\r\n<\/main>\r\n\r\n<\/body>\r\n<\/html>\t\t\t\t<\/div>\n\t\t\t\t<\/div>\n\t\t\t\t<\/div>\n\t\t","protected":false},"excerpt":{"rendered":"<p>Mentions L\u00e9gales &#8211; BlueSun DC Mentions L\u00e9gales Politique de confidentialit\u00e9 \u00c9diteur du site Responsable de la Publication : Olivier Labb\u00e9 Adresse : BlueSun DC, 18 Avenue Jean Moulin, 92260 Fontenay-aux-Roses, France Site web : bluesun-dc.com SIREN : 927 552 455 TVA : FR 449 275 524 55 H\u00e9bergement L&rsquo;h\u00e9bergement de ce site internet est assur\u00e9 [&hellip;]<\/p>\n","protected":false},"author":1,"featured_media":0,"parent":0,"menu_order":16,"comment_status":"closed","ping_status":"closed","template":"","meta":{"footnotes":""},"class_list":["post-538","page","type-page","status-publish","hentry"],"_links":{"self":[{"href":"https:\/\/bluesun-dc.com\/en\/wp-json\/wp\/v2\/pages\/538","targetHints":{"allow":["GET"]}}],"collection":[{"href":"https:\/\/bluesun-dc.com\/en\/wp-json\/wp\/v2\/pages"}],"about":[{"href":"https:\/\/bluesun-dc.com\/en\/wp-json\/wp\/v2\/types\/page"}],"author":[{"embeddable":true,"href":"https:\/\/bluesun-dc.com\/en\/wp-json\/wp\/v2\/users\/1"}],"replies":[{"embeddable":true,"href":"https:\/\/bluesun-dc.com\/en\/wp-json\/wp\/v2\/comments?post=538"}],"version-history":[{"count":0,"href":"https:\/\/bluesun-dc.com\/en\/wp-json\/wp\/v2\/pages\/538\/revisions"}],"wp:attachment":[{"href":"https:\/\/bluesun-dc.com\/en\/wp-json\/wp\/v2\/media?parent=538"}],"curies":[{"name":"wp","href":"https:\/\/api.w.org\/{rel}","templated":true}]}}